{"id":1017,"date":"2022-10-03T13:49:57","date_gmt":"2022-10-03T13:49:57","guid":{"rendered":"https:\/\/www.tenutalapila.it\/ueber-uns\/"},"modified":"2023-01-25T10:58:35","modified_gmt":"2023-01-25T10:58:35","slug":"ueber-uns","status":"publish","type":"page","link":"https:\/\/www.tenutalapila.it\/de\/ueber-uns\/","title":{"rendered":"\u00dcBER UNS"},"content":{"rendered":"<p>[et_pb_section fb_built=&#8220;1&#8243; _builder_version=&#8220;4.18.0&#8243; _module_preset=&#8220;default&#8220; background_color=&#8220;#E7E5E3&#8243; background_image=&#8220;https:\/\/www.tenutalapila.it\/wp-content\/uploads\/2022\/10\/Tenuta-La-Pila-People_web-2.jpg&#8220; background_position=&#8220;bottom_center&#8220; background_vertical_offset=&#8220;29%&#8220; global_colors_info=&#8220;{}&#8220;][et_pb_row _builder_version=&#8220;4.18.0&#8243; _module_preset=&#8220;default&#8220; global_colors_info=&#8220;{}&#8220;][et_pb_column type=&#8220;4_4&#8243; _builder_version=&#8220;4.18.0&#8243; _module_preset=&#8220;default&#8220; z_index=&#8220;102&#8243; global_colors_info=&#8220;{}&#8220;][et_pb_divider divider_weight=&#8220;0px&#8220; _builder_version=&#8220;4.18.0&#8243; _module_preset=&#8220;default&#8220; custom_padding=&#8220;116px||116px||true|false&#8220; global_colors_info=&#8220;{}&#8220;][\/et_pb_divider][\/et_pb_column][\/et_pb_row][\/et_pb_section][et_pb_section fb_built=&#8220;1&#8243; _builder_version=&#8220;4.18.0&#8243; _module_preset=&#8220;default&#8220; global_colors_info=&#8220;{}&#8220;][et_pb_row column_structure=&#8220;2_5,3_5&#8243; _builder_version=&#8220;4.18.0&#8243; _module_preset=&#8220;default&#8220; global_colors_info=&#8220;{}&#8220;][et_pb_column type=&#8220;2_5&#8243; _builder_version=&#8220;4.18.0&#8243; _module_preset=&#8220;default&#8220; global_colors_info=&#8220;{}&#8220;][et_pb_image src=&#8220;https:\/\/www.tenutalapila.it\/wp-content\/uploads\/2022\/10\/Tenuta-La-Pila-People_web-19-scaled.jpg&#8220; title_text=&#8220;Tenuta La Pila &#8211; People_web-19&#8243; _builder_version=&#8220;4.18.0&#8243; _module_preset=&#8220;default&#8220; animation_style=&#8220;flip&#8220; animation_direction=&#8220;right&#8220; animation_intensity_flip=&#8220;10%&#8220; box_shadow_style=&#8220;preset4&#8243; box_shadow_horizontal=&#8220;-27px&#8220; box_shadow_vertical=&#8220;-23px&#8220; box_shadow_color=&#8220;#BBB9AE&#8220; global_colors_info=&#8220;{}&#8220;][\/et_pb_image][\/et_pb_column][et_pb_column type=&#8220;3_5&#8243; _builder_version=&#8220;4.18.0&#8243; _module_preset=&#8220;default&#8220; global_colors_info=&#8220;{}&#8220;][et_pb_text _builder_version=&#8220;4.18.0&#8243; _module_preset=&#8220;default&#8220; ul_line_height=&#8220;1.9em&#8220; animation_style=&#8220;slide&#8220; animation_direction=&#8220;bottom&#8220; animation_intensity_slide=&#8220;4%&#8220; global_colors_info=&#8220;{}&#8220;]<\/p>\n<p>Es war Anfang der <strong>1930er<\/strong> Jahre, als der <strong>Ururgro\u00dfvater Antonio Sartori<\/strong> das Unternehmen als Familieninvestition kaufte. Mit 9 Kindern beschloss er, auch aufgrund einiger Missverst\u00e4ndnisse zwischen Geschwistern, das Unternehmen seiner \u00e4ltesten Tochter <strong>Angela<\/strong> (Lina) und dem j\u00fcngeren <strong>Pellegrino<\/strong> (Renzo) zu schenken, der sich jedoch entschied, nach Mailand zu ziehen und sp\u00e4ter Industrieller zu werden in der Branche der Strumpffabriken.<\/p>\n<p>Lina, auch \u201eSignorina\u201c genannt, weil sie nie geheiratet hatte, zog in das Herrenhaus, in dem wir heute leben, und \u00fcbernahm damit die Leitung des Unternehmens. Sie ist unseren Dorfbewohnern, die in jungen Jahren f\u00fcr sie gearbeitet haben, noch heute als eine h\u00f6fliche, ehrliche, aber auch sehr strenge Frau in Erinnerung.<\/p>\n<p>Als er starb, ging das Unternehmen vollst\u00e4ndig in die H\u00e4nde von Renzo \u00fcber, der sich jedoch angesichts der nun in Mailand begonnenen Arbeit entschied, sich aus der Ferne darum zu k\u00fcmmern, wie es sein Nachfolger viele Jahre lang getan hatte: sein <strong>Gro\u00dfvater Alberto.<\/strong><\/p>\n<p>Alberto lebte dann bis Ende der 90er Jahre mit seiner Frau Raimonda, <strong>Gro\u00dfmutter Rai<\/strong> und den T\u00f6chtern <strong>Federica<\/strong> und <strong>Carlotta<\/strong> in der Mail\u00e4nder Hauptstadt, als er sich dann entschied, sein Leben zu \u00e4ndern, <strong>indem er die<\/strong> alten Getreidespeicher des Unternehmens renovierte und so dem Bauernhaus Leben einhauchte <strong>Tenuta La Pila.<\/strong><\/p>\n<p>Die T\u00f6chter sind von der Entscheidung ihres Vaters nicht sehr \u00fcberzeugt und setzen ihren Weg fort, aber die j\u00fcngste Carlotta beschlie\u00dft nach einem Auslandserlebnis, bei dem sie <strong>Bruno<\/strong> kennenlernt, 2013, mit ihm nach <strong>Pila<\/strong> zu ziehen, um ihren Eltern zu helfen und vor allem seine aufzubauen Familie.<\/p>\n<p>In den folgenden Jahren kommen die beiden Kleinen des Hauses dazu: <strong>Luca<\/strong>, der Gro\u00dfe, und <strong>Livia<\/strong>.<\/p>\n<p>[\/et_pb_text][\/et_pb_column][\/et_pb_row][\/et_pb_section][et_pb_section fb_built=&#8220;1&#8243; _builder_version=&#8220;4.18.0&#8243; _module_preset=&#8220;default&#8220; background_color=&#8220;#BBB9AE&#8220; background_enable_pattern_style=&#8220;on&#8220; background_pattern_style=&#8220;diagonal-stripes-2&#8243; background_pattern_color=&#8220;rgba(231,229,227,0.17)&#8220; global_colors_info=&#8220;{}&#8220;][et_pb_row _builder_version=&#8220;4.18.0&#8243; _module_preset=&#8220;default&#8220; global_colors_info=&#8220;{}&#8220;][et_pb_column type=&#8220;4_4&#8243; _builder_version=&#8220;4.18.0&#8243; _module_preset=&#8220;default&#8220; global_colors_info=&#8220;{}&#8220;][et_pb_text _builder_version=&#8220;4.18.0&#8243; _module_preset=&#8220;default&#8220; text_orientation=&#8220;center&#8220; global_colors_info=&#8220;{}&#8220;]<\/p>\n<h2>\u00dcBER UNS<\/h2>\n<h3>Die Familie Sartori ist bereit, Sie zu empfangen<\/h3>\n<p>[\/et_pb_text][\/et_pb_column][\/et_pb_row][et_pb_row column_structure=&#8220;1_2,1_2&#8243; _builder_version=&#8220;4.18.0&#8243; _module_preset=&#8220;default&#8220; width=&#8220;60%&#8220; global_colors_info=&#8220;{}&#8220;][et_pb_column type=&#8220;1_2&#8243; _builder_version=&#8220;4.18.0&#8243; _module_preset=&#8220;default&#8220; global_colors_info=&#8220;{}&#8220;][et_pb_team_member name=&#8220;Papa Bruno&#8220; image_url=&#8220;https:\/\/www.tenutalapila.it\/wp-content\/uploads\/2022\/10\/papa\u0300-Bruno.webp&#8220; _builder_version=&#8220;4.18.0&#8243; _module_preset=&#8220;default&#8220; header_text_align=&#8220;center&#8220; header_font_size=&#8220;25px&#8220; text_orientation=&#8220;center&#8220; width=&#8220;100%&#8220; custom_css_member_image=&#8220;width: 50%;||margin: 0 auto;&#8220; custom_css_title=&#8220;padding-top: 15px;&#8220; border_radii_image=&#8220;on|500px|500px|500px|500px&#8220; global_colors_info=&#8220;{}&#8220;]<\/p>\n<p>Der brasilianische Anwalt verlie\u00df Brasilia aus Liebe zu Carlotta und verliebte sich schlie\u00dflich auch in Pila. Obwohl er noch nie &#8222;l\u00e4ndliche&#8220; Erfahrungen gemacht hat, st\u00fcrzte er sich sofort mit gro\u00dfer Leidenschaft und Begeisterung in diese neue Lebenserfahrung!<\/p>\n<p>[\/et_pb_team_member][\/et_pb_column][et_pb_column type=&#8220;1_2&#8243; _builder_version=&#8220;4.18.0&#8243; _module_preset=&#8220;default&#8220; global_colors_info=&#8220;{}&#8220;][et_pb_team_member name=&#8220;Mutter Carlotta&#8220; image_url=&#8220;https:\/\/www.tenutalapila.it\/wp-content\/uploads\/2022\/10\/mamma-Carlotta.webp&#8220; _builder_version=&#8220;4.18.0&#8243; _module_preset=&#8220;default&#8220; header_text_align=&#8220;center&#8220; header_font_size=&#8220;25px&#8220; text_orientation=&#8220;center&#8220; width=&#8220;100%&#8220; custom_css_member_image=&#8220;width: 50%;||margin: 0 auto;&#8220; custom_css_title=&#8220;padding-top: 15px;&#8220; border_radii_image=&#8220;on|500px|500px|500px|500px&#8220; global_colors_info=&#8220;{}&#8220;]Als Tochter von Alberto und Raimonda beschloss sie, nach ihrer Heirat mit Bruno nach Pila zu ziehen, um ihre junge Familie zu gr\u00fcnden und gro\u00dfzuziehen und in die Fu\u00dfstapfen ihres Vaters zu treten. Sie wird Sie empfangen und vor allem bei der Organisation von Veranstaltungen und Hochzeiten begleiten.[\/et_pb_team_member][\/et_pb_column][\/et_pb_row][et_pb_row column_structure=&#8220;1_2,1_2&#8243; _builder_version=&#8220;4.18.0&#8243; _module_preset=&#8220;default&#8220; width=&#8220;60%&#8220; global_colors_info=&#8220;{}&#8220;][et_pb_column type=&#8220;1_2&#8243; _builder_version=&#8220;4.18.0&#8243; _module_preset=&#8220;default&#8220; global_colors_info=&#8220;{}&#8220;][et_pb_team_member name=&#8220;Luca&#8220; image_url=&#8220;https:\/\/www.tenutalapila.it\/wp-content\/uploads\/2022\/10\/Luca.webp&#8220; _builder_version=&#8220;4.18.0&#8243; _module_preset=&#8220;default&#8220; header_text_align=&#8220;center&#8220; header_font_size=&#8220;25px&#8220; text_orientation=&#8220;center&#8220; width=&#8220;100%&#8220; custom_css_member_image=&#8220;width: 50%;||margin: 0 auto;&#8220; custom_css_title=&#8220;padding-top: 15px;&#8220; border_radii_image=&#8220;on|500px|500px|500px|500px&#8220; global_colors_info=&#8220;{}&#8220;]Erstgeborener Sohn von Bruno und Carlotta, ein wahrer Energievulkan und wartet immer auf neue Freunde zum Spielen.[\/et_pb_team_member][\/et_pb_column][et_pb_column type=&#8220;1_2&#8243; _builder_version=&#8220;4.18.0&#8243; _module_preset=&#8220;default&#8220; global_colors_info=&#8220;{}&#8220;][et_pb_team_member name=&#8220;Livia&#8220; image_url=&#8220;https:\/\/www.tenutalapila.it\/wp-content\/uploads\/2022\/10\/Livia.webp&#8220; _builder_version=&#8220;4.18.0&#8243; _module_preset=&#8220;default&#8220; header_text_align=&#8220;center&#8220; header_font_size=&#8220;25px&#8220; text_orientation=&#8220;center&#8220; width=&#8220;100%&#8220; custom_css_member_image=&#8220;width: 50%;||margin: 0 auto;&#8220; custom_css_title=&#8220;padding-top: 15px;&#8220; border_radii_image=&#8220;on|500px|500px|500px|500px&#8220; global_colors_info=&#8220;{}&#8220;]Sie ist das neueste Familienmitglied, konnte sich aber mit ihrer S\u00fc\u00dfe und ihrem L\u00e4cheln sofort ihren Platz erobern.[\/et_pb_team_member][\/et_pb_column][\/et_pb_row][et_pb_row column_structure=&#8220;1_2,1_2&#8243; _builder_version=&#8220;4.18.0&#8243; _module_preset=&#8220;default&#8220; width=&#8220;60%&#8220; global_colors_info=&#8220;{}&#8220;][et_pb_column type=&#8220;1_2&#8243; _builder_version=&#8220;4.18.0&#8243; _module_preset=&#8220;default&#8220; global_colors_info=&#8220;{}&#8220;][et_pb_team_member name=&#8220;Gro\u00dfvater Alberto&#8220; image_url=&#8220;https:\/\/www.tenutalapila.it\/wp-content\/uploads\/2022\/10\/Nonno-Alberto.webp&#8220; _builder_version=&#8220;4.18.0&#8243; _module_preset=&#8220;default&#8220; header_text_align=&#8220;center&#8220; header_font_size=&#8220;25px&#8220; text_orientation=&#8220;center&#8220; width=&#8220;100%&#8220; custom_css_member_image=&#8220;width: 50%;||margin: 0 auto;&#8220; custom_css_title=&#8220;padding-top: 15px;&#8220; border_radii_image=&#8220;on|500px|500px|500px|500px&#8220; global_colors_info=&#8220;{}&#8220;]<\/p>\n<p>Ingenieur aus Mailand, \u00fcber seinen Vater Pellegrino zu nehmen, obwohl er keine Erfahrungen und keine spezifische Studien hatte, seit den 80er Jahren n\u00e4herte er nach der gr\u00fcnen Welt, nach der ersten die landwirtschaftlichen T\u00e4tigkeiten von der alten &#8222;Faktor&#8220; verwaltet und immer dann eine leidenschaftliche von Gartenarbeit. Jetzt arbeitet er in La Pila. Fordern Sie ihn auf, die mehr Sprachen sprechen!<\/p>\n<p>[\/et_pb_team_member][\/et_pb_column][et_pb_column type=&#8220;1_2&#8243; _builder_version=&#8220;4.18.0&#8243; _module_preset=&#8220;default&#8220; global_colors_info=&#8220;{}&#8220;][et_pb_team_member name=&#8220;Gro\u00dfmutter Raimonda&#8220; image_url=&#8220;https:\/\/www.tenutalapila.it\/wp-content\/uploads\/2022\/10\/Nonna-Rai.webp&#8220; _builder_version=&#8220;4.18.0&#8243; _module_preset=&#8220;default&#8220; header_text_align=&#8220;center&#8220; header_font_size=&#8220;25px&#8220; text_orientation=&#8220;center&#8220; width=&#8220;100%&#8220; custom_css_member_image=&#8220;width: 50%;||margin: 0 auto;&#8220; custom_css_title=&#8220;padding-top: 15px;&#8220; border_radii_image=&#8220;on|500px|500px|500px|500px&#8220; global_colors_info=&#8220;{}&#8220;]Albertos Frau, aus Florenz, hat alle die besten Eigenschaften der Toskana auf den Hof gebracht: Energie, Lebendigkeit, eine unbeschwerte Art und vor allem feine Geschmack und die Liebe zur Sch\u00f6nheit (dh ihr Mann). Sie werden Sie mit einem L\u00e4cheln empfangen, wenn Sie auf dem Hof \u200b\u200bankommen. [\/et_pb_team_member][\/et_pb_column][\/et_pb_row][\/et_pb_section][et_pb_section fb_built=&#8220;1&#8243; _builder_version=&#8220;4.18.0&#8243; _module_preset=&#8220;default&#8220; background_color=&#8220;#E7E5E3&#8243; global_colors_info=&#8220;{}&#8220;][et_pb_row _builder_version=&#8220;4.18.0&#8243; _module_preset=&#8220;default&#8220; global_colors_info=&#8220;{}&#8220; global_module=&#8220;1319&#8243; saved_tabs=&#8220;all&#8220;][et_pb_column type=&#8220;4_4&#8243; _builder_version=&#8220;4.18.0&#8243; _module_preset=&#8220;default&#8220; global_colors_info=&#8220;{}&#8220;][et_pb_text _builder_version=&#8220;4.18.0&#8243; _module_preset=&#8220;default&#8220; text_orientation=&#8220;center&#8220; global_colors_info=&#8220;{}&#8220;]<\/p>\n<h2>Kontakt<\/h2>\n<p>Schreiben Sie uns \u00fcber das unten stehende Formular oder senden Sie eine E-Mail an info@tenutalapila.it<\/p>\n<p>[\/et_pb_text][et_pb_contact_form email=&#8220;info@tenutalapila.it&#8220; success_message=&#8220;Vielen Dank, dass Sie uns kontaktiert haben! Wir werden uns so schnell wie m\u00f6glich bei Ihnen melden!&#8220; _builder_version=&#8220;4.18.0&#8243; _module_preset=&#8220;default&#8220; _unique_id=&#8220;96aed8c3-dddc-4ef3-9005-f5090fa91ad8&#8243; hover_enabled=&#8220;0&#8243; global_colors_info=&#8220;{}&#8220; sticky_enabled=&#8220;0&#8243;][et_pb_contact_field field_id=&#8220;Name&#8220; field_title=&#8220;Name&#8220; _builder_version=&#8220;4.16&#8243; global_colors_info=&#8220;{}&#8220; button_text_size__hover_enabled=&#8220;off&#8220; button_one_text_size__hover_enabled=&#8220;off&#8220; button_two_text_size__hover_enabled=&#8220;off&#8220; button_text_color__hover_enabled=&#8220;off&#8220; button_one_text_color__hover_enabled=&#8220;off&#8220; button_two_text_color__hover_enabled=&#8220;off&#8220; button_border_width__hover_enabled=&#8220;off&#8220; button_one_border_width__hover_enabled=&#8220;off&#8220; button_two_border_width__hover_enabled=&#8220;off&#8220; button_border_color__hover_enabled=&#8220;off&#8220; button_one_border_color__hover_enabled=&#8220;off&#8220; button_two_border_color__hover_enabled=&#8220;off&#8220; button_border_radius__hover_enabled=&#8220;off&#8220; button_one_border_radius__hover_enabled=&#8220;off&#8220; button_two_border_radius__hover_enabled=&#8220;off&#8220; button_letter_spacing__hover_enabled=&#8220;off&#8220; button_one_letter_spacing__hover_enabled=&#8220;off&#8220; button_two_letter_spacing__hover_enabled=&#8220;off&#8220; button_bg_color__hover_enabled=&#8220;off&#8220; button_one_bg_color__hover_enabled=&#8220;off&#8220; button_two_bg_color__hover_enabled=&#8220;off&#8220;][\/et_pb_contact_field][et_pb_contact_field field_id=&#8220;Email&#8220; field_title=&#8220;E-Mail Adresse&#8220; field_type=&#8220;email&#8220; _builder_version=&#8220;4.16&#8243; global_colors_info=&#8220;{}&#8220; button_text_size__hover_enabled=&#8220;off&#8220; button_one_text_size__hover_enabled=&#8220;off&#8220; button_two_text_size__hover_enabled=&#8220;off&#8220; button_text_color__hover_enabled=&#8220;off&#8220; button_one_text_color__hover_enabled=&#8220;off&#8220; button_two_text_color__hover_enabled=&#8220;off&#8220; button_border_width__hover_enabled=&#8220;off&#8220; button_one_border_width__hover_enabled=&#8220;off&#8220; button_two_border_width__hover_enabled=&#8220;off&#8220; button_border_color__hover_enabled=&#8220;off&#8220; button_one_border_color__hover_enabled=&#8220;off&#8220; button_two_border_color__hover_enabled=&#8220;off&#8220; button_border_radius__hover_enabled=&#8220;off&#8220; button_one_border_radius__hover_enabled=&#8220;off&#8220; button_two_border_radius__hover_enabled=&#8220;off&#8220; button_letter_spacing__hover_enabled=&#8220;off&#8220; button_one_letter_spacing__hover_enabled=&#8220;off&#8220; button_two_letter_spacing__hover_enabled=&#8220;off&#8220; button_bg_color__hover_enabled=&#8220;off&#8220; button_one_bg_color__hover_enabled=&#8220;off&#8220; button_two_bg_color__hover_enabled=&#8220;off&#8220;][\/et_pb_contact_field][et_pb_contact_field field_id=&#8220;Message&#8220; field_title=&#8220;Nachricht&#8220; field_type=&#8220;text&#8220; fullwidth_field=&#8220;on&#8220; _builder_version=&#8220;4.16&#8243; global_colors_info=&#8220;{}&#8220; button_text_size__hover_enabled=&#8220;off&#8220; button_one_text_size__hover_enabled=&#8220;off&#8220; button_two_text_size__hover_enabled=&#8220;off&#8220; button_text_color__hover_enabled=&#8220;off&#8220; button_one_text_color__hover_enabled=&#8220;off&#8220; button_two_text_color__hover_enabled=&#8220;off&#8220; button_border_width__hover_enabled=&#8220;off&#8220; button_one_border_width__hover_enabled=&#8220;off&#8220; button_two_border_width__hover_enabled=&#8220;off&#8220; button_border_color__hover_enabled=&#8220;off&#8220; button_one_border_color__hover_enabled=&#8220;off&#8220; button_two_border_color__hover_enabled=&#8220;off&#8220; button_border_radius__hover_enabled=&#8220;off&#8220; button_one_border_radius__hover_enabled=&#8220;off&#8220; button_two_border_radius__hover_enabled=&#8220;off&#8220; button_letter_spacing__hover_enabled=&#8220;off&#8220; button_one_letter_spacing__hover_enabled=&#8220;off&#8220; button_two_letter_spacing__hover_enabled=&#8220;off&#8220; button_bg_color__hover_enabled=&#8220;off&#8220; button_one_bg_color__hover_enabled=&#8220;off&#8220; button_two_bg_color__hover_enabled=&#8220;off&#8220;][\/et_pb_contact_field][\/et_pb_contact_form][\/et_pb_column][\/et_pb_row][\/et_pb_section]<\/p>\n","protected":false},"excerpt":{"rendered":"<p>Es war Anfang der 1930er Jahre, als der Ururgro\u00dfvater Antonio Sartori das Unternehmen als Familieninvestition kaufte. Mit 9 Kindern beschloss er, auch aufgrund einiger Missverst\u00e4ndnisse zwischen Geschwistern, das Unternehmen seiner \u00e4ltesten Tochter Angela (Lina) und dem j\u00fcngeren Pellegrino (Renzo) zu schenken, der sich jedoch entschied, nach Mailand zu ziehen und sp\u00e4ter Industrieller zu werden in [&hellip;]<\/p>\n","protected":false},"author":1,"featured_media":0,"parent":0,"menu_order":0,"comment_status":"closed","ping_status":"closed","template":"","meta":{"_et_pb_use_builder":"on","_et_pb_old_content":"","_et_gb_content_width":"","footnotes":""},"class_list":["post-1017","page","type-page","status-publish","hentry"],"_links":{"self":[{"href":"https:\/\/www.tenutalapila.it\/de\/wp-json\/wp\/v2\/pages\/1017","targetHints":{"allow":["GET"]}}],"collection":[{"href":"https:\/\/www.tenutalapila.it\/de\/wp-json\/wp\/v2\/pages"}],"about":[{"href":"https:\/\/www.tenutalapila.it\/de\/wp-json\/wp\/v2\/types\/page"}],"author":[{"embeddable":true,"href":"https:\/\/www.tenutalapila.it\/de\/wp-json\/wp\/v2\/users\/1"}],"replies":[{"embeddable":true,"href":"https:\/\/www.tenutalapila.it\/de\/wp-json\/wp\/v2\/comments?post=1017"}],"version-history":[{"count":16,"href":"https:\/\/www.tenutalapila.it\/de\/wp-json\/wp\/v2\/pages\/1017\/revisions"}],"predecessor-version":[{"id":1333,"href":"https:\/\/www.tenutalapila.it\/de\/wp-json\/wp\/v2\/pages\/1017\/revisions\/1333"}],"wp:attachment":[{"href":"https:\/\/www.tenutalapila.it\/de\/wp-json\/wp\/v2\/media?parent=1017"}],"curies":[{"name":"wp","href":"https:\/\/api.w.org\/{rel}","templated":true}]}}