{"id":1042,"date":"2022-10-03T13:50:18","date_gmt":"2022-10-03T13:50:18","guid":{"rendered":"https:\/\/www.tenutalapila.it\/zimmer\/"},"modified":"2024-11-27T14:22:48","modified_gmt":"2024-11-27T14:22:48","slug":"zimmer","status":"publish","type":"page","link":"https:\/\/www.tenutalapila.it\/de\/unterkunft\/zimmer\/","title":{"rendered":"ZIMMER"},"content":{"rendered":"<p>[et_pb_section fb_built=&#8220;1&#8243; _builder_version=&#8220;4.18.0&#8243; _module_preset=&#8220;default&#8220; background_image=&#8220;https:\/\/www.tenutalapila.it\/wp-content\/uploads\/2022\/10\/Tenuta-La-Pila-Camere.jpg&#8220; global_colors_info=&#8220;{}&#8220;][et_pb_row _builder_version=&#8220;4.18.0&#8243; _module_preset=&#8220;default&#8220; global_colors_info=&#8220;{}&#8220;][et_pb_column type=&#8220;4_4&#8243; _builder_version=&#8220;4.18.0&#8243; _module_preset=&#8220;default&#8220; global_colors_info=&#8220;{}&#8220;][et_pb_post_title meta=&#8220;off&#8220; featured_image=&#8220;off&#8220; text_color=&#8220;light&#8220; _builder_version=&#8220;4.18.0&#8243; _module_preset=&#8220;default&#8220; title_font_size=&#8220;36px&#8220; title_letter_spacing=&#8220;1px&#8220; animation_style=&#8220;flip&#8220; animation_intensity_flip=&#8220;22%&#8220; global_colors_info=&#8220;{}&#8220;][\/et_pb_post_title][\/et_pb_column][\/et_pb_row][\/et_pb_section][et_pb_section fb_built=&#8220;1&#8243; disabled_on=&#8220;on|off|off&#8220; _builder_version=&#8220;4.18.0&#8243; _module_preset=&#8220;default&#8220; background_color=&#8220;#E7E5E3&#8243; positioning=&#8220;fixed&#8220; position_origin_f=&#8220;bottom_center&#8220; z_index=&#8220;999999&#8243; custom_padding=&#8220;0px||0px||true|false&#8220; box_shadow_style=&#8220;preset3&#8243; box_shadow_vertical=&#8220;-12px&#8220; global_colors_info=&#8220;{}&#8220;][et_pb_row _builder_version=&#8220;4.18.0&#8243; _module_preset=&#8220;default&#8220; custom_padding=&#8220;0px||0px||true|false&#8220; global_colors_info=&#8220;{}&#8220;][et_pb_column type=&#8220;4_4&#8243; _builder_version=&#8220;4.18.0&#8243; _module_preset=&#8220;default&#8220; global_colors_info=&#8220;{}&#8220;][et_pb_code _builder_version=&#8220;4.18.0&#8243; _module_preset=&#8220;default&#8220; custom_padding=&#8220;0px||0px||true|false&#8220; global_colors_info=&#8220;{}&#8220;]<script charset=\"UTF-8\" defer src=\"https:\/\/cdn.beddy.io\/bol-v2\/prod\/beddy-bar-web-component.js\"><\/script><beddy-bar lang=\"it\" widgetcode=\"b954388297c0a\"><\/beddy-bar>[\/et_pb_code][\/et_pb_column][\/et_pb_row][\/et_pb_section][et_pb_section fb_built=&#8220;1&#8243; _builder_version=&#8220;4.18.0&#8243; _module_preset=&#8220;default&#8220; background_color=&#8220;#E7E5E3&#8243; global_colors_info=&#8220;{}&#8220;][et_pb_row column_structure=&#8220;2_5,3_5&#8243; _builder_version=&#8220;4.18.0&#8243; _module_preset=&#8220;default&#8220; width_tablet=&#8220;95%&#8220; width_phone=&#8220;95%&#8220; width_last_edited=&#8220;on|phone&#8220; custom_padding=&#8220;0px||0px||true|false&#8220; hover_enabled=&#8220;0&#8243; border_width_all=&#8220;1px&#8220; border_color_all=&#8220;#BBB9AE&#8220; global_colors_info=&#8220;{}&#8220; sticky_enabled=&#8220;0&#8243;][et_pb_column type=&#8220;2_5&#8243; _builder_version=&#8220;4.18.0&#8243; _module_preset=&#8220;default&#8220; global_colors_info=&#8220;{}&#8220;][et_pb_gallery gallery_ids=&#8220;1533,1536,1530,2471&#8243; fullwidth=&#8220;on&#8220; _builder_version=&#8220;4.27.0&#8243; _module_preset=&#8220;default&#8220; hover_enabled=&#8220;0&#8243; global_colors_info=&#8220;{}&#8220; sticky_enabled=&#8220;0&#8243;][\/et_pb_gallery][\/et_pb_column][et_pb_column type=&#8220;3_5&#8243; _builder_version=&#8220;4.18.0&#8243; _module_preset=&#8220;default&#8220; custom_padding=&#8220;20px|20px|||false|false&#8220; custom_padding_tablet=&#8220;|20px||20px|false|true&#8220; custom_padding_phone=&#8220;|20px||20px|false|true&#8220; custom_padding_last_edited=&#8220;on|phone&#8220; global_colors_info=&#8220;{}&#8220;][et_pb_text _builder_version=&#8220;4.18.0&#8243; _module_preset=&#8220;default&#8220; global_colors_info=&#8220;{}&#8220;]<\/p>\n<h2>Zimmer Albicocca<\/h2>\n<p><em>Erdgescho\u00df &#8211; 2\/3 Personen.<\/em><\/p>\n<p>Dieses ger\u00e4umige Zimmer befindet sich am n\u00e4chsten zur Eingangshalle und zum Aufenthaltsraum im Erdgescho\u00df mit einem separaten Eingang \u00fcber die Au\u00dfenanlagen. Durch eines der Fenster hat man einen wundersch\u00f6nen Blick auf den Rosengarten und die weitl\u00e4ufigen Gr\u00fcnanlagen. Die neu gepflanzte Weinlaube im Aufgangsbereich des Gutes sch\u00fctzt es im Sommer vor all zu viel Sonne. Durch das andere werden sie von der Morgensonne geweckt. Es ist mit zwei Einzelbetten 85&#215;200 (die zu einem gro\u00dfen Bett verbunden werden k\u00f6nnen 170&#215;200) und einer Schlafcouch f\u00fcr eine Person ausgestattet (80&#215;190). Im Bad (mit Fenster) steht eine Dusche.<\/p>\n<p><strong><em>Preise ab 70.00 \u20ac pro Nacht.<\/em><\/strong><\/p>\n<p>[\/et_pb_text][\/et_pb_column][\/et_pb_row][\/et_pb_section][et_pb_section fb_built=&#8220;1&#8243; _builder_version=&#8220;4.18.0&#8243; _module_preset=&#8220;default&#8220; background_color=&#8220;#BBB9AE&#8220; global_colors_info=&#8220;{}&#8220;][et_pb_row column_structure=&#8220;2_5,3_5&#8243; _builder_version=&#8220;4.18.0&#8243; _module_preset=&#8220;default&#8220; width_tablet=&#8220;95%&#8220; width_phone=&#8220;95%&#8220; width_last_edited=&#8220;on|phone&#8220; custom_padding=&#8220;0px||0px||true|false&#8220; border_width_all=&#8220;1px&#8220; border_color_all=&#8220;#E7E5E3&#8243; global_colors_info=&#8220;{}&#8220;][et_pb_column type=&#8220;2_5&#8243; _builder_version=&#8220;4.18.0&#8243; _module_preset=&#8220;default&#8220; global_colors_info=&#8220;{}&#8220;][et_pb_gallery gallery_ids=&#8220;1549,1540,1543,1546,2474&#8243; fullwidth=&#8220;on&#8220; _builder_version=&#8220;4.27.0&#8243; _module_preset=&#8220;default&#8220; hover_enabled=&#8220;0&#8243; global_colors_info=&#8220;{}&#8220; sticky_enabled=&#8220;0&#8243;][\/et_pb_gallery][\/et_pb_column][et_pb_column type=&#8220;3_5&#8243; _builder_version=&#8220;4.18.0&#8243; _module_preset=&#8220;default&#8220; custom_padding=&#8220;20px|20px|||false|false&#8220; custom_padding_tablet=&#8220;|20px||20px|false|true&#8220; custom_padding_phone=&#8220;|20px||20px|false|true&#8220; custom_padding_last_edited=&#8220;on|phone&#8220; global_colors_info=&#8220;{}&#8220;][et_pb_text _builder_version=&#8220;4.18.0&#8243; _module_preset=&#8220;default&#8220; global_colors_info=&#8220;{}&#8220;]<\/p>\n<h2>Zimmer Ciliegia<\/h2>\n<p><em>Erdgescho\u00df &#8211; 2\/3 Personen.<\/em><\/p>\n<p>Dieses Zimmer hat einen externen Zugang und befindet sich Erdgescho\u00df mit Blick auf den Rosengarten. Ausgestattet ist es mit zwei Einzelbetten 85&#215;200 (die zu einem gro\u00dfen Bett verbunden werden k\u00f6nnen 170&#215;200) und einer Schlafcouch f\u00fcr eine Person (80&#215;190). <br \/>Ein Fenster ist nach S\u00fcden gerichtet, auf der Hofseite zum Pool hin, das andere zum Morgen. Das Badezimmer (mit Fenster) hat eine Dusche.<\/p>\n<p><em><strong>Preise ab 70.00 \u20ac pro Nacht.<\/strong><\/em><\/p>\n<p>[\/et_pb_text][\/et_pb_column][\/et_pb_row][\/et_pb_section][et_pb_section fb_built=&#8220;1&#8243; _builder_version=&#8220;4.18.0&#8243; _module_preset=&#8220;default&#8220; background_color=&#8220;#E7E5E3&#8243; global_colors_info=&#8220;{}&#8220;][et_pb_row column_structure=&#8220;2_5,3_5&#8243; _builder_version=&#8220;4.18.0&#8243; _module_preset=&#8220;default&#8220; width_tablet=&#8220;95%&#8220; width_phone=&#8220;95%&#8220; width_last_edited=&#8220;on|phone&#8220; custom_padding=&#8220;0px||0px||true|false&#8220; border_width_all=&#8220;1px&#8220; border_color_all=&#8220;#BBB9AE&#8220; global_colors_info=&#8220;{}&#8220;][et_pb_column type=&#8220;2_5&#8243; _builder_version=&#8220;4.18.0&#8243; _module_preset=&#8220;default&#8220; global_colors_info=&#8220;{}&#8220;][et_pb_gallery gallery_ids=&#8220;1555,1558,1552,2477&#8243; fullwidth=&#8220;on&#8220; _builder_version=&#8220;4.27.0&#8243; _module_preset=&#8220;default&#8220; hover_enabled=&#8220;0&#8243; global_colors_info=&#8220;{}&#8220; sticky_enabled=&#8220;0&#8243;][\/et_pb_gallery][\/et_pb_column][et_pb_column type=&#8220;3_5&#8243; _builder_version=&#8220;4.18.0&#8243; _module_preset=&#8220;default&#8220; custom_padding=&#8220;20px|20px|||false|false&#8220; custom_padding_tablet=&#8220;|20px||20px|false|true&#8220; custom_padding_phone=&#8220;|20px||20px|false|true&#8220; custom_padding_last_edited=&#8220;on|phone&#8220; global_colors_info=&#8220;{}&#8220;][et_pb_text _builder_version=&#8220;4.18.0&#8243; _module_preset=&#8220;default&#8220; global_colors_info=&#8220;{}&#8220;]<\/p>\n<h2>Zimmer Fragola<\/h2>\n<p><em>Erdgeschoss &#8211; 2 Personen.<\/em><\/p>\n<p>Der Eingang zu diesem Zimmer befindet sich ebenerdig direkt unter der den Aufgangsbereich beschattenden Weinlaube und gegen\u00fcber des Rosengartens. Es ist mit zwei Einzelbetten 85&#215;200 (die zu einem gro\u00dfen Bett verbunden werden k\u00f6nnen 170&#215;200) und einer Schlafcouch f\u00fcr eine Person ausgestattet (80&#215;190).<\/p>\n<p>Eines der beiden Fenster zeigt Richtung S\u00fcden auf die Gr\u00fcnanlagen, das andere l\u00e4sst die Morgensonne herein. Die gro\u00dfz\u00fcgige Raumgestaltung macht die Wohnung auch f\u00fcr Behinderte leicht zug\u00e4nglich. Das ger\u00e4umige Bad (mit Fenster) ist mit einer Badewanne ausgestattet.<\/p>\n<p><em><strong>Preise ab 70.00 \u20ac pro Nacht.<\/strong><\/em><\/p>\n<p>[\/et_pb_text][\/et_pb_column][\/et_pb_row][\/et_pb_section][et_pb_section fb_built=&#8220;1&#8243; _builder_version=&#8220;4.18.0&#8243; _module_preset=&#8220;default&#8220; background_color=&#8220;#BBB9AE&#8220; global_colors_info=&#8220;{}&#8220;][et_pb_row column_structure=&#8220;2_5,3_5&#8243; _builder_version=&#8220;4.18.0&#8243; _module_preset=&#8220;default&#8220; width_tablet=&#8220;95%&#8220; width_phone=&#8220;95%&#8220; width_last_edited=&#8220;on|phone&#8220; custom_padding=&#8220;0px||0px||true|false&#8220; border_width_all=&#8220;1px&#8220; border_color_all=&#8220;#E7E5E3&#8243; global_colors_info=&#8220;{}&#8220;][et_pb_column type=&#8220;2_5&#8243; _builder_version=&#8220;4.18.0&#8243; _module_preset=&#8220;default&#8220; global_colors_info=&#8220;{}&#8220;][et_pb_gallery gallery_ids=&#8220;1564,1567,1561,2480&#8243; fullwidth=&#8220;on&#8220; _builder_version=&#8220;4.27.0&#8243; _module_preset=&#8220;default&#8220; hover_enabled=&#8220;0&#8243; global_colors_info=&#8220;{}&#8220; sticky_enabled=&#8220;0&#8243;][\/et_pb_gallery][\/et_pb_column][et_pb_column type=&#8220;3_5&#8243; _builder_version=&#8220;4.18.0&#8243; _module_preset=&#8220;default&#8220; custom_padding=&#8220;20px|20px|||false|false&#8220; custom_padding_tablet=&#8220;|20px||20px|false|true&#8220; custom_padding_phone=&#8220;|20px||20px|false|true&#8220; custom_padding_last_edited=&#8220;on|phone&#8220; global_colors_info=&#8220;{}&#8220;][et_pb_text _builder_version=&#8220;4.18.0&#8243; _module_preset=&#8220;default&#8220; global_colors_info=&#8220;{}&#8220;]<\/p>\n<h2>Zimmer Mela<\/h2>\n<p><em>1. Stock &#8211; 2 Personen<\/em><\/p>\n<p>Das Zimmer befindet sich im ersten Stock und l\u00e4sst durch das gro\u00dfe Rundbogenfenster die Mittagssonne herein. Es ist mit zwei Einzelbetten 85&#215;200 (die zu einem gro\u00dfen Bett verbunden werden k\u00f6nnen 170&#215;200) und einer Schlafcouch f\u00fcr eine Person ausgestattet (80&#215;190). Im Bad (mit Fenster) steht Ihnen eine Dusche zur Verf\u00fcgung.<\/p>\n<p>Wir melden, dass wir KEINEN Aufzug haben.<\/p>\n<p><em><strong>Preise ab 70.00 \u20ac pro Nacht.<\/strong><\/em><\/p>\n<p>[\/et_pb_text][\/et_pb_column][\/et_pb_row][\/et_pb_section][et_pb_section fb_built=&#8220;1&#8243; _builder_version=&#8220;4.18.0&#8243; _module_preset=&#8220;default&#8220; background_color=&#8220;#E7E5E3&#8243; global_colors_info=&#8220;{}&#8220;][et_pb_row column_structure=&#8220;2_5,3_5&#8243; _builder_version=&#8220;4.18.0&#8243; _module_preset=&#8220;default&#8220; width_tablet=&#8220;95%&#8220; width_phone=&#8220;95%&#8220; width_last_edited=&#8220;on|phone&#8220; custom_padding=&#8220;0px||0px||true|false&#8220; border_width_all=&#8220;1px&#8220; border_color_all=&#8220;#BBB9AE&#8220; global_colors_info=&#8220;{}&#8220;][et_pb_column type=&#8220;2_5&#8243; _builder_version=&#8220;4.18.0&#8243; _module_preset=&#8220;default&#8220; global_colors_info=&#8220;{}&#8220;][et_pb_gallery gallery_ids=&#8220;1576,1579,1570,1573,2483&#8243; fullwidth=&#8220;on&#8220; _builder_version=&#8220;4.27.0&#8243; _module_preset=&#8220;default&#8220; hover_enabled=&#8220;0&#8243; global_colors_info=&#8220;{}&#8220; sticky_enabled=&#8220;0&#8243;][\/et_pb_gallery][\/et_pb_column][et_pb_column type=&#8220;3_5&#8243; _builder_version=&#8220;4.18.0&#8243; _module_preset=&#8220;default&#8220; custom_padding=&#8220;20px|20px|||false|false&#8220; custom_padding_tablet=&#8220;|20px||20px|false|true&#8220; custom_padding_phone=&#8220;|20px||20px|false|true&#8220; custom_padding_last_edited=&#8220;on|phone&#8220; global_colors_info=&#8220;{}&#8220;][et_pb_text _builder_version=&#8220;4.18.0&#8243; _module_preset=&#8220;default&#8220; global_colors_info=&#8220;{}&#8220;]<\/p>\n<h2>Zimmer Pera<\/h2>\n<p><em>2. Stock &#8211; 2 Personen<\/em><\/p>\n<p>Dieses Zimmer, bei dem die hohe Decke charakteristischerweise in Holz gehalten ist, befindet sich im zweiten Stock. Das Fenster geht Richtung S\u00fcden, mit Blick auf die Kiwi B\u00e4ume, den Swimmingpool, die Magnolienb\u00e4ume und die Gr\u00fcnanlagen des Anwesens bis hin zur gro\u00dfen Scheune. Es ist mit zwei Einzelbetten 85&#215;200 (die zu einem gro\u00dfen Bett verbunden werden k\u00f6nnen 170&#215;200) und einer Schlafcouch f\u00fcr eine Person ausgestattet (80&#215;190). Im ger\u00e4umigen Bad (mit Oberlicht) befindet sich eine Dusche.<\/p>\n<p>Wir melden, dass wir KEINEN Aufzug haben.<\/p>\n<p><em><strong>Preise ab 70.00 \u20ac pro Nacht.<\/strong><\/em><\/p>\n<p>[\/et_pb_text][\/et_pb_column][\/et_pb_row][\/et_pb_section]<\/p>\n","protected":false},"excerpt":{"rendered":"<p>Zimmer Albicocca Erdgescho\u00df &#8211; 2\/3 Personen. Dieses ger\u00e4umige Zimmer befindet sich am n\u00e4chsten zur Eingangshalle und zum Aufenthaltsraum im Erdgescho\u00df mit einem separaten Eingang \u00fcber die Au\u00dfenanlagen. Durch eines der Fenster hat man einen wundersch\u00f6nen Blick auf den Rosengarten und die weitl\u00e4ufigen Gr\u00fcnanlagen. Die neu gepflanzte Weinlaube im Aufgangsbereich des Gutes sch\u00fctzt es im Sommer [&hellip;]<\/p>\n","protected":false},"author":1,"featured_media":0,"parent":1070,"menu_order":0,"comment_status":"closed","ping_status":"closed","template":"","meta":{"_et_pb_use_builder":"on","_et_pb_old_content":"","_et_gb_content_width":"","footnotes":""},"class_list":["post-1042","page","type-page","status-publish","hentry"],"_links":{"self":[{"href":"https:\/\/www.tenutalapila.it\/de\/wp-json\/wp\/v2\/pages\/1042","targetHints":{"allow":["GET"]}}],"collection":[{"href":"https:\/\/www.tenutalapila.it\/de\/wp-json\/wp\/v2\/pages"}],"about":[{"href":"https:\/\/www.tenutalapila.it\/de\/wp-json\/wp\/v2\/types\/page"}],"author":[{"embeddable":true,"href":"https:\/\/www.tenutalapila.it\/de\/wp-json\/wp\/v2\/users\/1"}],"replies":[{"embeddable":true,"href":"https:\/\/www.tenutalapila.it\/de\/wp-json\/wp\/v2\/comments?post=1042"}],"version-history":[{"count":6,"href":"https:\/\/www.tenutalapila.it\/de\/wp-json\/wp\/v2\/pages\/1042\/revisions"}],"predecessor-version":[{"id":2490,"href":"https:\/\/www.tenutalapila.it\/de\/wp-json\/wp\/v2\/pages\/1042\/revisions\/2490"}],"up":[{"embeddable":true,"href":"https:\/\/www.tenutalapila.it\/de\/wp-json\/wp\/v2\/pages\/1070"}],"wp:attachment":[{"href":"https:\/\/www.tenutalapila.it\/de\/wp-json\/wp\/v2\/media?parent=1042"}],"curies":[{"name":"wp","href":"https:\/\/api.w.org\/{rel}","templated":true}]}}