{"id":1089,"date":"2022-10-28T10:52:36","date_gmt":"2022-10-28T10:52:36","guid":{"rendered":"https:\/\/www.tenutalapila.it\/preise\/"},"modified":"2026-02-16T10:35:46","modified_gmt":"2026-02-16T10:35:46","slug":"preise","status":"publish","type":"page","link":"https:\/\/www.tenutalapila.it\/de\/preise\/","title":{"rendered":"Preise"},"content":{"rendered":"<p>[et_pb_section fb_built=&#8220;1&#8243; _builder_version=&#8220;4.18.0&#8243; _module_preset=&#8220;default&#8220; background_image=&#8220;https:\/\/www.tenutalapila.it\/wp-content\/uploads\/2022\/10\/Tenuta-La-Pila-Camere.jpg&#8220; global_colors_info=&#8220;{}&#8220;][et_pb_row _builder_version=&#8220;4.18.0&#8243; _module_preset=&#8220;default&#8220; global_colors_info=&#8220;{}&#8220;][et_pb_column type=&#8220;4_4&#8243; _builder_version=&#8220;4.18.0&#8243; _module_preset=&#8220;default&#8220; global_colors_info=&#8220;{}&#8220;][et_pb_post_title meta=&#8220;off&#8220; featured_image=&#8220;off&#8220; text_color=&#8220;light&#8220; _builder_version=&#8220;4.18.0&#8243; _module_preset=&#8220;default&#8220; title_font_size=&#8220;36px&#8220; title_letter_spacing=&#8220;1px&#8220; animation_style=&#8220;flip&#8220; animation_intensity_flip=&#8220;22%&#8220; global_colors_info=&#8220;{}&#8220;][\/et_pb_post_title][\/et_pb_column][\/et_pb_row][\/et_pb_section][et_pb_section fb_built=&#8220;1&#8243; _builder_version=&#8220;4.18.0&#8243; _module_preset=&#8220;default&#8220; global_colors_info=&#8220;{}&#8220;][et_pb_row _builder_version=&#8220;4.18.0&#8243; _module_preset=&#8220;default&#8220; global_colors_info=&#8220;{}&#8220;][et_pb_column type=&#8220;4_4&#8243; _builder_version=&#8220;4.18.0&#8243; _module_preset=&#8220;default&#8220; global_colors_info=&#8220;{}&#8220;][et_pb_text _builder_version=&#8220;4.27.4&#8243; _module_preset=&#8220;default&#8220; global_colors_info=&#8220;{}&#8220;]<\/p>\n<p>&nbsp;<\/p>\n<p>&nbsp;<\/p>\n<table cellspacing=\"0\">\n<tbody>\n<tr>\n<th>Art der Unterkunft<\/th>\n<th>Art der Dienstleistung<\/th>\n<th>PreiseAnzahl<\/th>\n<th>der Passagiere<\/th>\n<\/tr>\n<tr>\n<td>Zweibettzimmer<\/td>\n<td>\u00dcbernachtung mit Fr\u00fchst\u00fcck<\/td>\n<td>90.00 \u20ac pro Nacht (min 5)<\/td>\n<td>2<\/td>\n<\/tr>\n<tr>\n<td>Doppelzimmer zur Einzelnutzung<\/td>\n<td>\u00dcbernachtung mit Fr\u00fchst\u00fcck<\/td>\n<td>70.00 \u20ac pro Nacht (min 5)<\/td>\n<td>1<\/td>\n<\/tr>\n<tr>\n<td>Doppelzimmer mit Zustellbett<\/td>\n<td>\u00dcbernachtung mit Fr\u00fchst\u00fcck<\/td>\n<td>110,00 \u20ac pro Nacht (min 5)<\/td>\n<td>3<\/td>\n<\/tr>\n<tr>\n<td>Standard Apartment<br \/>\n<em>Nespola \/ Pesca<\/em><\/td>\n<td>Nur \u00dcbernachtung<\/td>\n<td>160,00 \u20ac pro Nacht (min 7)<\/td>\n<p><\/p>\n<td>4<\/td>\n<\/tr>\n<tr>\n<td>Gro\u00dfe Familienwohnung<br \/>\n<em>Nespola plus \/ Pesca Plus<br \/>\n<\/em><\/td>\n<td>Nur \u00dcbernachtung<\/td>\n<p><\/p>\n<td>200.00\/220.00 \u20ac pro Nacht (min 7)<\/td>\n<p><\/p>\n<td>5\/7<\/td>\n<\/tr>\n<tr>\n<td>Deluxe Apartment<br \/>\n<em>Lavenda<br \/>\nRosa<br \/>\nRosa Plus<br \/><\/em><\/td>\n<p><\/p>\n<td>Nur \u00dcbernachtung<\/td>\n<p><\/p>\n<td>.<br \/>160,00 \u20ac pro Nacht (min 7)<br \/>120,00 \u20ac pro Nacht (min 7)<br \/>180,00 \u20ac pro Nacht (min 7)<\/td>\n<p><\/p>\n<td>.<br \/>2+2<br \/>2<br \/>4<\/td>\n<\/tr>\n<tr>\n<td>Wohnungen<\/td>\n<td>Endreinigung<\/td>\n<td>80,00\/100,00 \u20ac<\/td>\n<td> <\/td>\n<\/tr>\n<tr>\n<td>Wohnungen und Zimmer<\/td>\n<td>Tier Aufenthalt<\/td>\n<td>10,00 \u20ac pro Tag und Tier<\/td>\n<td> <\/td>\n<\/tr>\n<tr>\n<td>Wohnungen und Zimmer<\/td>\n<td>Wi-fi<\/td>\n<td>KOSTENLOS<\/td>\n<td> <\/td>\n<\/tr>\n<\/tbody>\n<\/table>\n<p>[\/et_pb_text][\/et_pb_column][\/et_pb_row][\/et_pb_section][et_pb_section fb_built=&#8220;1&#8243; _builder_version=&#8220;4.18.0&#8243; _module_preset=&#8220;default&#8220; background_color=&#8220;#E7E5E3&#8243; global_colors_info=&#8220;{}&#8220;][et_pb_row _builder_version=&#8220;4.18.0&#8243; _module_preset=&#8220;default&#8220; width=&#8220;60%&#8220; width_tablet=&#8220;92%&#8220; width_phone=&#8220;96%&#8220; width_last_edited=&#8220;on|phone&#8220; global_colors_info=&#8220;{}&#8220;][et_pb_column type=&#8220;4_4&#8243; _builder_version=&#8220;4.18.0&#8243; _module_preset=&#8220;default&#8220; global_colors_info=&#8220;{}&#8220;][et_pb_text _builder_version=&#8220;4.18.0&#8243; _module_preset=&#8220;default&#8220; header_3_font=&#8220;||on||||||&#8220; header_3_text_color=&#8220;#B49076&#8243; global_colors_info=&#8220;{}&#8220;]<\/p>\n<p>Kinder bis zu 3 Jahren im Zimmer: 5,00 \u20ac pro Tag (einschlie\u00dflich Kinderbett und Fr\u00fchst\u00fcck).<br \/>Wir sprechen Italienisch, Englisch und Portugiesisch<\/p>\n<h2>CHECK-IN und CHECK-OUT<\/h2>\n<p>Der Empfang findet zwischen 14.00 und 18.00 Uhr statt. <br \/>Wenn Sie fr\u00fcher oder sp\u00e4ter als zu diesen Zeiten anreisen m\u00f6chten, m\u00fcssen Sie eine genaue Uhrzeit vereinbaren, da es unm\u00f6glich sein k\u00f6nnte, Sie zu empfangen. Die Unterkunft sollte normalerweise bis 10 Uhr am Abreisetag ger\u00e4umt werden.<\/p>\n<h2>SOMMER-DINNER<\/h2>\n<p>Der Service wird nur im Juli und August angeboten, jeweils montags, mittwochs und freitags. Der Service wird nur garantiert, wenn er zum Zeitpunkt der Buchung angefordert wird.<\/p>\n<p>Erwachsene 28.00 \u20ac inklusive Wasser Kinder 1-10 Jahre 15.00 \u20ac<\/p>\n<h2>CAPARRA<\/h2>\n<p>Zur Best\u00e4tigung der Buchung ist eine Anzahlung in H\u00f6he von 30 % des Wertes der gew\u00fcnschten Leistung zu leisten. Die Zahlung kann per Bank\u00fcberweisung erfolgen (Provision zu Ihren Lasten). <\/p>\n<h2>ZAHLUNG<\/h2>\n<p>Der Restbetrag ist bei der Ankunft im Unternehmen in bar oder per Kredit- oder Debitkarte Bancomat, Maestro, Mastercard, VISA, AmericanExpress zu zahlen (Schecks werden nicht akzeptiert).<\/p>\n<h2>STORNIERUNGSRICHTLINIEN<\/h2>\n<p>Wir haben keine festen und strengen Regeln f\u00fcr die Stornierung einer Buchung. Zun\u00e4chst einmal h\u00e4ngt es davon ab, ob wir noch andere Zimmer\/Appartements frei haben, die den stornierten \u00e4hnlich sind und f\u00fcr denselben Zeitraum gelten. <br \/>Wenn dies der Fall ist, bedeutet dies, dass wir in der Zwischenzeit keine anderen Buchungen aufgeben mussten. In diesem Fall sind wir bereit, die Anzahlung in voller H\u00f6he zu erstatten. Wenn wir ausgebucht sind und h\u00f6chstwahrscheinlich andere Buchungen aufgegeben haben, bitten wir um etwas Zeit, um zu sehen, ob wir die Zimmer\/Appartements an neue Kunden vermieten k\u00f6nnen. <\/p>\n<p>Wenn dies der Fall ist, haben wir auch hier kein Problem damit, die Anzahlung in voller H\u00f6he zur\u00fcckzuerstatten. Drittens bitten wir Sie, die Anzahlung f\u00fcr eine sp\u00e4tere Buchung zu behalten, sofern diese in der gleichen Saison erfolgen kann. Wir &#8218;arbeiten nicht mit&#8216; Anzahlungen, sondern &#8218;arbeiten, wenn&#8216; die Kunden zu uns in den Urlaub kommen und voll zufrieden sind. Wenn sie nicht kommen k\u00f6nnen, hoffen wir, dass sie ein gutes Bild von uns in Bezug auf Fairness und Verhalten haben, und wir hoffen, sie in Zukunft bei Pila unterbringen zu k\u00f6nnen.<\/p>\n<h2>LAGERUNG VON WERTGEGENST\u00c4NDEN<\/h2>\n<p>Bitte beachten Sie im Voraus, dass wir nicht in der Lage sind, Wertsachen oder Bargeld aufzubewahren, da wir nicht \u00fcber einen Safe verf\u00fcgen.<\/p>\n<p>[\/et_pb_text][\/et_pb_column][\/et_pb_row][\/et_pb_section]<\/p>\n","protected":false},"excerpt":{"rendered":"<p>&nbsp; &nbsp; Art der UnterkunftArt der DienstleistungPreiseAnzahl der Passagiere Zweibettzimmer\u00dcbernachtung mit Fr\u00fchst\u00fcck90.00 \u20ac pro Nacht (min 5)2 Doppelzimmer zur Einzelnutzung\u00dcbernachtung mit Fr\u00fchst\u00fcck70.00 \u20ac pro Nacht (min 5)1 Doppelzimmer mit Zustellbett\u00dcbernachtung mit Fr\u00fchst\u00fcck110,00 \u20ac pro Nacht (min 5)3 Standard Apartment Nespola \/ Pesca Nur \u00dcbernachtung 160,00 \u20ac pro Nacht (min 7)4 Gro\u00dfe Familienwohnung Nespola plus \/ [&hellip;]<\/p>\n","protected":false},"author":1,"featured_media":0,"parent":0,"menu_order":0,"comment_status":"closed","ping_status":"closed","template":"","meta":{"_et_pb_use_builder":"on","_et_pb_old_content":"","_et_gb_content_width":"","footnotes":""},"class_list":["post-1089","page","type-page","status-publish","hentry"],"_links":{"self":[{"href":"https:\/\/www.tenutalapila.it\/de\/wp-json\/wp\/v2\/pages\/1089","targetHints":{"allow":["GET"]}}],"collection":[{"href":"https:\/\/www.tenutalapila.it\/de\/wp-json\/wp\/v2\/pages"}],"about":[{"href":"https:\/\/www.tenutalapila.it\/de\/wp-json\/wp\/v2\/types\/page"}],"author":[{"embeddable":true,"href":"https:\/\/www.tenutalapila.it\/de\/wp-json\/wp\/v2\/users\/1"}],"replies":[{"embeddable":true,"href":"https:\/\/www.tenutalapila.it\/de\/wp-json\/wp\/v2\/comments?post=1089"}],"version-history":[{"count":50,"href":"https:\/\/www.tenutalapila.it\/de\/wp-json\/wp\/v2\/pages\/1089\/revisions"}],"predecessor-version":[{"id":3605,"href":"https:\/\/www.tenutalapila.it\/de\/wp-json\/wp\/v2\/pages\/1089\/revisions\/3605"}],"wp:attachment":[{"href":"https:\/\/www.tenutalapila.it\/de\/wp-json\/wp\/v2\/media?parent=1089"}],"curies":[{"name":"wp","href":"https:\/\/api.w.org\/{rel}","templated":true}]}}